{"id":628,"date":"2023-09-11T07:20:47","date_gmt":"2023-09-11T07:20:47","guid":{"rendered":"http:\/\/tec-bin.com\/?page_id=628"},"modified":"2023-09-26T08:18:47","modified_gmt":"2023-09-26T08:18:47","slug":"we-buying","status":"publish","type":"page","link":"http:\/\/tec-bin.com\/de\/we-buying\/","title":{"rendered":"Wir kaufen"},"content":{"rendered":"<style>.kb-row-layout-id628_3fe08b-40 > .kt-row-column-wrap{align-content:center;}:where(.kb-row-layout-id628_3fe08b-40 > .kt-row-column-wrap) > .wp-block-kadence-column{justify-content:center;}.kb-row-layout-id628_3fe08b-40 > .kt-row-column-wrap{column-gap:var(--global-kb-gap-md, 2rem);row-gap:var(--global-kb-gap-md, 2rem);padding-top:80px;padding-right:25px;padding-bottom:110px;padding-left:25px;min-height:500px;grid-template-columns:minmax(0, 1fr);}.kb-row-layout-id628_3fe08b-40 > .kt-row-layout-overlay{opacity:1;background:linear-gradient(90deg, var(--global-palette1) 12%, var(--global-palette2) 100%);}.kb-row-layout-id628_3fe08b-40 .kt-row-layout-bottom-sep{height:100px;}.kb-row-layout-id628_3fe08b-40 .kt-row-layout-bottom-sep svg{width:100%;}.kb-row-layout-id628_3fe08b-40 .kt-row-layout-bottom-sep svg{fill:var(--global-palette9, #ffffff)!important;}@media all and (max-width: 1024px){.kb-row-layout-id628_3fe08b-40 > .kt-row-column-wrap{grid-template-columns:minmax(0, 1fr);}}@media all and (max-width: 1024px){.kb-row-layout-id628_3fe08b-40 .kt-row-layout-bottom-sep{height:px;}}@media all and (max-width: 1024px){.kb-row-layout-id628_3fe08b-40 .kt-row-layout-bottom-sep svg{width:%;}}@media all and (max-width: 767px){.kb-row-layout-id628_3fe08b-40 > .kt-row-column-wrap{grid-template-columns:minmax(0, 1fr);}.kb-row-layout-id628_3fe08b-40 .kt-row-layout-bottom-sep{height:px;}.kb-row-layout-id628_3fe08b-40 .kt-row-layout-bottom-sep svg{width:%;}}<\/style><div class=\"kb-row-layout-wrap kb-row-layout-id628_3fe08b-40 alignnone kt-row-has-bg wp-block-kadence-rowlayout\"><div class=\"kt-row-layout-overlay kt-row-overlay-gradient\"><\/div><div class=\"kt-row-layout-bottom-sep kt-row-sep-type-mtns\"><svg viewbox=\"0 0 1000 100\" preserveaspectratio=\"none\"><path d=\"M1000,50l-182.69,-45.286l-292.031,61.197l-190.875,-41.075l-143.748,28.794l-190.656,-23.63l0,70l1000,0l0,-50Z\" style=\"opacity: 0.4\" \/><path d=\"M1000,57l-152.781,-22.589l-214.383,19.81l-159.318,-21.471l-177.44,25.875l-192.722,5.627l-103.356,-27.275l0,63.023l1000,0l0,-43Z\" \/><\/svg><\/div><div class=\"kt-row-column-wrap kt-has-1-columns kt-row-layout-equal kt-tab-layout-inherit kt-mobile-layout-row kt-row-valign-middle\">\n<style>.kadence-column628_61f028-54 > .kt-inside-inner-col,.kadence-column628_61f028-54 > .kt-inside-inner-col:before{border-top-left-radius:0px;border-top-right-radius:0px;border-bottom-right-radius:0px;border-bottom-left-radius:0px;}.kadence-column628_61f028-54 > .kt-inside-inner-col:before{opacity:0.3;}.kadence-column628_61f028-54{position:relative;}<\/style>\n<div class=\"wp-block-kadence-column kadence-column628_61f028-54 inner-column-1\"><div class=\"kt-inside-inner-col\"><style>.wp-block-kadence-advancedheading.kt-adv-heading628_9e2adb-e9, .wp-block-kadence-advancedheading.kt-adv-heading628_9e2adb-e9[data-kb-block=\"kb-adv-heading628_9e2adb-e9\"]{text-align:center;font-size:60px;font-weight:normal;font-style:normal;color:#ffffff;text-shadow:1px 1px 1px rgba(0, 0, 0, 0.2);}.wp-block-kadence-advancedheading.kt-adv-heading628_9e2adb-e9 mark, .wp-block-kadence-advancedheading.kt-adv-heading628_9e2adb-e9[data-kb-block=\"kb-adv-heading628_9e2adb-e9\"] mark{font-weight:normal;font-style:normal;color:#f76a0c;padding-top:0px;padding-right:0px;padding-bottom:0px;padding-left:0px;}@media all and (max-width: 1024px){.wp-block-kadence-advancedheading.kt-adv-heading628_9e2adb-e9, .wp-block-kadence-advancedheading.kt-adv-heading628_9e2adb-e9[data-kb-block=\"kb-adv-heading628_9e2adb-e9\"]{font-size:50px;}}@media all and (max-width: 767px){.wp-block-kadence-advancedheading.kt-adv-heading628_9e2adb-e9, .wp-block-kadence-advancedheading.kt-adv-heading628_9e2adb-e9[data-kb-block=\"kb-adv-heading628_9e2adb-e9\"]{font-size:40px;}}<\/style>\n<h1 class=\"kt-adv-heading628_9e2adb-e9 wp-block-kadence-advancedheading\" data-kb-block=\"kb-adv-heading628_9e2adb-e9\">ANKAUF<\/h1>\n<\/div><\/div>\n\n<\/div><\/div>\n\n<style>.kb-row-layout-wrap.wp-block-kadence-rowlayout.kb-row-layout-id628_4002c1-06{margin-top:-200px;}.kb-row-layout-id628_4002c1-06 > .kt-row-column-wrap{align-content:start;}:where(.kb-row-layout-id628_4002c1-06 > .kt-row-column-wrap) > .wp-block-kadence-column{justify-content:start;}.kb-row-layout-id628_4002c1-06 > .kt-row-column-wrap{column-gap:var(--global-kb-gap-md, 2rem);row-gap:var(--global-kb-gap-md, 2rem);max-width:1000px;margin-left:auto;margin-right:auto;padding-top:60px;padding-right:25px;padding-bottom:26px;padding-left:25px;grid-template-columns:minmax(0, 1fr);}.kb-row-layout-id628_4002c1-06 > .kt-row-layout-overlay{opacity:0.30;}.kb-row-layout-id628_4002c1-06 .kt-row-layout-bottom-sep{height:100px;}.kb-row-layout-id628_4002c1-06 .kt-row-layout-bottom-sep svg{width:100%;}.kb-row-layout-id628_4002c1-06 .kt-row-layout-bottom-sep svg{fill:#ffffff!important;}@media all and (max-width: 1024px){.kb-row-layout-id628_4002c1-06 > .kt-row-column-wrap{grid-template-columns:minmax(0, 1fr);}}@media all and (max-width: 1024px){.kb-row-layout-id628_4002c1-06 .kt-row-layout-bottom-sep{height:px;}}@media all and (max-width: 1024px){.kb-row-layout-id628_4002c1-06 .kt-row-layout-bottom-sep svg{width:%;}}@media all and (max-width: 767px){.kb-row-layout-id628_4002c1-06 > .kt-row-column-wrap{grid-template-columns:minmax(0, 1fr);}.kb-row-layout-id628_4002c1-06 .kt-row-layout-bottom-sep{height:px;}.kb-row-layout-id628_4002c1-06 .kt-row-layout-bottom-sep svg{width:%;}}<\/style><div class=\"kb-row-layout-wrap kb-row-layout-id628_4002c1-06 alignnone wp-block-kadence-rowlayout\"><div class=\"kt-row-column-wrap kt-has-1-columns kt-row-layout-equal kt-tab-layout-inherit kt-mobile-layout-row kt-row-valign-top\">\n<style>.kadence-column628_fbeb20-c7, .kt-inside-inner-col > .kadence-column628_fbeb20-c7:not(.specificity){margin-top:-50px;}.kadence-column628_fbeb20-c7 > .kt-inside-inner-col{padding-top:50px;padding-right:40px;padding-bottom:30px;padding-left:40px;}.kadence-column628_fbeb20-c7 > .kt-inside-inner-col{box-shadow:0px -51px 30px 0px rgba(0, 0, 0, 0.06);}.kadence-column628_fbeb20-c7 > .kt-inside-inner-col,.kadence-column628_fbeb20-c7 > .kt-inside-inner-col:before{border-top-left-radius:10px;border-top-right-radius:10px;border-bottom-right-radius:10px;border-bottom-left-radius:10px;}.kadence-column628_fbeb20-c7 > .kt-inside-inner-col{background-color:var(--global-palette9, #ffffff);}.kadence-column628_fbeb20-c7 > .kt-inside-inner-col:before{opacity:0.3;}.kadence-column628_fbeb20-c7{position:relative;}@media all and (max-width: 1024px){.kadence-column628_fbeb20-c7 > .kt-inside-inner-col{padding-top:50px;padding-right:20px;padding-bottom:30px;padding-left:20px;}}@media all and (max-width: 767px){.kadence-column628_fbeb20-c7 > .kt-inside-inner-col{padding-top:50px;padding-right:15px;padding-bottom:30px;padding-left:15px;}}<\/style>\n<div class=\"wp-block-kadence-column kadence-column628_fbeb20-c7\"><div class=\"kt-inside-inner-col\"><style>.wp-block-kadence-advancedheading.kt-adv-heading628_3eed3d-6f, .wp-block-kadence-advancedheading.kt-adv-heading628_3eed3d-6f[data-kb-block=\"kb-adv-heading628_3eed3d-6f\"]{margin-bottom:40px;text-align:center;font-size:20px;font-weight:normal;font-style:normal;text-transform:uppercase;letter-spacing:3.6px;}.wp-block-kadence-advancedheading.kt-adv-heading628_3eed3d-6f mark, .wp-block-kadence-advancedheading.kt-adv-heading628_3eed3d-6f[data-kb-block=\"kb-adv-heading628_3eed3d-6f\"] mark{font-weight:normal;font-style:normal;color:var(--global-palette1, #3182CE);padding-top:0px;padding-right:0px;padding-bottom:0px;padding-left:0px;}<\/style>\n<h2 class=\"kt-adv-heading628_3eed3d-6f wp-block-kadence-advancedheading has-theme-palette-4-color has-text-color\" data-kb-block=\"kb-adv-heading628_3eed3d-6f\">Wir kaufen gebrauchte IT-Hardware<mark class=\"kt-highlight\">.<\/mark><\/h2>\n\n\n<style>.wp-block-kadence-iconlist.kt-svg-icon-list-items628_9987c9-99 ul.kt-svg-icon-list:not(.this-prevents-issues):not(.this-stops-third-party-issues):not(.tijsloc){margin-top:0px;margin-right:0px;margin-bottom:var(--global-kb-spacing-sm, 1.5rem);margin-left:0px;}.wp-block-kadence-iconlist.kt-svg-icon-list-items628_9987c9-99 ul.kt-svg-icon-list{grid-row-gap:5px;}.wp-block-kadence-iconlist.kt-svg-icon-list-items628_9987c9-99 ul.kt-svg-icon-list .kt-svg-icon-list-item-wrap .kt-svg-icon-list-single{margin-right:10px;}.kt-svg-icon-list-items628_9987c9-99 ul.kt-svg-icon-list .kt-svg-icon-list-level-0 .kt-svg-icon-list-single svg{font-size:20px;}@media all and (max-width: 1024px){.wp-block-kadence-iconlist.kt-svg-icon-list-items628_9987c9-99 ul.kt-svg-icon-list{grid-row-gap:5px;}}@media all and (max-width: 767px){.wp-block-kadence-iconlist.kt-svg-icon-list-items628_9987c9-99 ul.kt-svg-icon-list{grid-row-gap:5px;}}<\/style>\n<div class=\"wp-block-kadence-iconlist kt-svg-icon-list-items kt-svg-icon-list-items628_9987c9-99 kt-svg-icon-list-columns-1 alignnone\"><ul class=\"kt-svg-icon-list\"><style>.kt-svg-icon-list-item-628_cb5af6-b0 .kt-svg-icon-list-single{color:var(--global-palette1, #3182CE) !important;}<\/style>\n<li class=\"wp-block-kadence-listitem kt-svg-icon-list-item-wrap kt-svg-icon-list-item-628_cb5af6-b0\"><span class=\"kb-svg-icon-wrap kb-svg-icon-fe_checkCircle kt-svg-icon-list-single\"><svg viewbox=\"0 0 24 24\"  fill=\"none\" stroke=\"currentColor\" stroke-width=\"2\" stroke-linecap=\"round\" stroke-linejoin=\"round\" xmlns=\"http:\/\/www.w3.org\/2000\/svg\" ><path d=\"M22 11.08V12a10 10 0 1 1-5.93-9.14\"\/><polyline points=\"22 4 12 14.01 9 11.01\"\/><\/svg><\/span><span class=\"kt-svg-icon-list-text\">PCs (Tower, SFF und USFF)<\/span><\/li>\n\n\n<style>.kt-svg-icon-list-item-628_7828b1-c7 .kt-svg-icon-list-single{color:var(--global-palette1, #3182CE) !important;}<\/style>\n<li class=\"wp-block-kadence-listitem kt-svg-icon-list-item-wrap kt-svg-icon-list-item-628_7828b1-c7\"><span class=\"kb-svg-icon-wrap kb-svg-icon-fe_checkCircle kt-svg-icon-list-single\"><svg viewbox=\"0 0 24 24\"  fill=\"none\" stroke=\"currentColor\" stroke-width=\"2\" stroke-linecap=\"round\" stroke-linejoin=\"round\" xmlns=\"http:\/\/www.w3.org\/2000\/svg\" ><path d=\"M22 11.08V12a10 10 0 1 1-5.93-9.14\"\/><polyline points=\"22 4 12 14.01 9 11.01\"\/><\/svg><\/span><span class=\"kt-svg-icon-list-text\">Laptops HP, Dell und Lenovo<\/span><\/li>\n\n\n<style>.kt-svg-icon-list-item-628_edce61-ee .kt-svg-icon-list-single{color:var(--global-palette1, #3182CE) !important;}<\/style>\n<li class=\"wp-block-kadence-listitem kt-svg-icon-list-item-wrap kt-svg-icon-list-item-628_edce61-ee\"><span class=\"kb-svg-icon-wrap kb-svg-icon-fe_checkCircle kt-svg-icon-list-single\"><svg viewbox=\"0 0 24 24\"  fill=\"none\" stroke=\"currentColor\" stroke-width=\"2\" stroke-linecap=\"round\" stroke-linejoin=\"round\" xmlns=\"http:\/\/www.w3.org\/2000\/svg\" ><path d=\"M22 11.08V12a10 10 0 1 1-5.93-9.14\"\/><polyline points=\"22 4 12 14.01 9 11.01\"\/><\/svg><\/span><span class=\"kt-svg-icon-list-text\">Arbeitsplatzrechner<\/span><\/li>\n\n\n<style>.kt-svg-icon-list-item-628_b76a00-ad .kt-svg-icon-list-single{color:var(--global-palette1, #3182CE) !important;}<\/style>\n<li class=\"wp-block-kadence-listitem kt-svg-icon-list-item-wrap kt-svg-icon-list-item-628_b76a00-ad\"><span class=\"kb-svg-icon-wrap kb-svg-icon-fe_checkCircle kt-svg-icon-list-single\"><svg viewbox=\"0 0 24 24\"  fill=\"none\" stroke=\"currentColor\" stroke-width=\"2\" stroke-linecap=\"round\" stroke-linejoin=\"round\" xmlns=\"http:\/\/www.w3.org\/2000\/svg\" ><path d=\"M22 11.08V12a10 10 0 1 1-5.93-9.14\"\/><polyline points=\"22 4 12 14.01 9 11.01\"\/><\/svg><\/span><span class=\"kt-svg-icon-list-text\">Bildschirme HP, Dell, LG, Lenov, Samsung &amp; Eizo (LCD, TFT, LED)<\/span><\/li>\n\n\n<style>.kt-svg-icon-list-item-628_9e5e6a-b0 .kt-svg-icon-list-single{color:var(--global-palette1, #3182CE) !important;}<\/style>\n<li class=\"wp-block-kadence-listitem kt-svg-icon-list-item-wrap kt-svg-icon-list-item-628_9e5e6a-b0\"><span class=\"kb-svg-icon-wrap kb-svg-icon-fe_checkCircle kt-svg-icon-list-single\"><svg viewbox=\"0 0 24 24\"  fill=\"none\" stroke=\"currentColor\" stroke-width=\"2\" stroke-linecap=\"round\" stroke-linejoin=\"round\" xmlns=\"http:\/\/www.w3.org\/2000\/svg\" ><path d=\"M22 11.08V12a10 10 0 1 1-5.93-9.14\"\/><polyline points=\"22 4 12 14.01 9 11.01\"\/><\/svg><\/span><span class=\"kt-svg-icon-list-text\">Netzwerkkomponenten.<\/span><\/li>\n<\/ul><\/div>\n\n\n<div class=\"wp-block-image\">\n<figure class=\"aligncenter size-large\"><img loading=\"lazy\" decoding=\"async\" width=\"1024\" height=\"427\" src=\"http:\/\/tec-bin.com\/wp-content\/uploads\/2023\/09\/banners-1024x427.webp\" alt=\"\" class=\"wp-image-838\" srcset=\"http:\/\/tec-bin.com\/wp-content\/uploads\/2023\/09\/banners-1024x427.webp 1024w, http:\/\/tec-bin.com\/wp-content\/uploads\/2023\/09\/banners-300x125.webp 300w, http:\/\/tec-bin.com\/wp-content\/uploads\/2023\/09\/banners-768x320.webp 768w, http:\/\/tec-bin.com\/wp-content\/uploads\/2023\/09\/banners-18x8.webp 18w, http:\/\/tec-bin.com\/wp-content\/uploads\/2023\/09\/banners.webp 1536w\" sizes=\"auto, (max-width: 1024px) 100vw, 1024px\" \/><\/figure>\n<\/div>\n\n<style>.wp-block-kadence-advancedheading.kt-adv-heading628_0781ab-fd, .wp-block-kadence-advancedheading.kt-adv-heading628_0781ab-fd[data-kb-block=\"kb-adv-heading628_0781ab-fd\"]{text-align:center;font-size:20px;font-weight:normal;font-style:normal;}.wp-block-kadence-advancedheading.kt-adv-heading628_0781ab-fd mark, .wp-block-kadence-advancedheading.kt-adv-heading628_0781ab-fd[data-kb-block=\"kb-adv-heading628_0781ab-fd\"] mark{font-weight:normal;font-style:normal;color:#f76a0c;padding-top:0px;padding-right:0px;padding-bottom:0px;padding-left:0px;}<\/style>\n<h3 class=\"kt-adv-heading628_0781ab-fd wp-block-kadence-advancedheading has-theme-palette-6-color has-text-color\" data-kb-block=\"kb-adv-heading628_0781ab-fd\">SIE SIND EIN LEASINGUNTERNEHMEN?!<\/h3>\n\n\n\n<p class=\"has-text-align-center has-text-color\" style=\"color:#212326\">Sie suchen ein professionelles Unternehmen, das Ihre Leasingr\u00fcckl\u00e4ufer aufkaufen kann?<br>Wir sind ein Gro\u00dfh\u00e4ndler, der sich auf den Weiterverkauf von IT-Leasingr\u00fcckl\u00e4ufern und gebrauchter IT-Hardware spezialisiert hat<\/p>\n\n\n<style>.wp-block-kadence-iconlist.kt-svg-icon-list-items628_e9eb01-8b ul.kt-svg-icon-list:not(.this-prevents-issues):not(.this-stops-third-party-issues):not(.tijsloc){margin-top:0px;margin-right:0px;margin-bottom:var(--global-kb-spacing-sm, 1.5rem);margin-left:0px;}.wp-block-kadence-iconlist.kt-svg-icon-list-items628_e9eb01-8b ul.kt-svg-icon-list{grid-row-gap:5px;}.wp-block-kadence-iconlist.kt-svg-icon-list-items628_e9eb01-8b ul.kt-svg-icon-list .kt-svg-icon-list-item-wrap .kt-svg-icon-list-single{margin-right:10px;}.kt-svg-icon-list-items628_e9eb01-8b ul.kt-svg-icon-list .kt-svg-icon-list-level-0 .kt-svg-icon-list-single svg{font-size:20px;}@media all and (max-width: 1024px){.wp-block-kadence-iconlist.kt-svg-icon-list-items628_e9eb01-8b ul.kt-svg-icon-list{grid-row-gap:5px;}}@media all and (max-width: 767px){.wp-block-kadence-iconlist.kt-svg-icon-list-items628_e9eb01-8b ul.kt-svg-icon-list{grid-row-gap:5px;}}<\/style>\n<div class=\"wp-block-kadence-iconlist kt-svg-icon-list-items kt-svg-icon-list-items628_e9eb01-8b kt-svg-icon-list-columns-1 alignnone\"><ul class=\"kt-svg-icon-list\"><style>.kt-svg-icon-list-item-628_14fe49-7e .kt-svg-icon-list-single{color:var(--global-palette1, #3182CE) !important;}<\/style>\n<li class=\"wp-block-kadence-listitem kt-svg-icon-list-item-wrap kt-svg-icon-list-item-628_14fe49-7e\"><span class=\"kb-svg-icon-wrap kb-svg-icon-fe_checkCircle kt-svg-icon-list-single\"><svg viewbox=\"0 0 24 24\"  fill=\"none\" stroke=\"currentColor\" stroke-width=\"2\" stroke-linecap=\"round\" stroke-linejoin=\"round\" xmlns=\"http:\/\/www.w3.org\/2000\/svg\" ><path d=\"M22 11.08V12a10 10 0 1 1-5.93-9.14\"\/><polyline points=\"22 4 12 14.01 9 11.01\"\/><\/svg><\/span><span class=\"kt-svg-icon-list-text\">Wir sind in der Lage, gro\u00dfe Mengen an IT-Ger\u00e4ten zu pr\u00fcfen und eine sichere Datenl\u00f6schung zu gew\u00e4hrleisten.<\/span><\/li>\n\n\n<style>.kt-svg-icon-list-item-628_62f0cd-37 .kt-svg-icon-list-single{color:var(--global-palette1, #3182CE) !important;}<\/style>\n<li class=\"wp-block-kadence-listitem kt-svg-icon-list-item-wrap kt-svg-icon-list-item-628_62f0cd-37\"><span class=\"kb-svg-icon-wrap kb-svg-icon-fe_checkCircle kt-svg-icon-list-single\"><svg viewbox=\"0 0 24 24\"  fill=\"none\" stroke=\"currentColor\" stroke-width=\"2\" stroke-linecap=\"round\" stroke-linejoin=\"round\" xmlns=\"http:\/\/www.w3.org\/2000\/svg\" ><path d=\"M22 11.08V12a10 10 0 1 1-5.93-9.14\"\/><polyline points=\"22 4 12 14.01 9 11.01\"\/><\/svg><\/span><span class=\"kt-svg-icon-list-text\">Unser technisches Personal ist darin geschult, Waren fachgerecht und sicher zu verpacken und auf individuelle Verpackungsw\u00fcnsche einzugehen.<\/span><\/li>\n\n\n<style>.kt-svg-icon-list-item-628_52f9f8-d2 .kt-svg-icon-list-single{color:var(--global-palette1, #3182CE) !important;}<\/style>\n<li class=\"wp-block-kadence-listitem kt-svg-icon-list-item-wrap kt-svg-icon-list-item-628_52f9f8-d2\"><span class=\"kb-svg-icon-wrap kb-svg-icon-fe_checkCircle kt-svg-icon-list-single\"><svg viewbox=\"0 0 24 24\"  fill=\"none\" stroke=\"currentColor\" stroke-width=\"2\" stroke-linecap=\"round\" stroke-linejoin=\"round\" xmlns=\"http:\/\/www.w3.org\/2000\/svg\" ><path d=\"M22 11.08V12a10 10 0 1 1-5.93-9.14\"\/><polyline points=\"22 4 12 14.01 9 11.01\"\/><\/svg><\/span><span class=\"kt-svg-icon-list-text\">Sie k\u00f6nnen uns Ihre beste Lagerbestandsliste zusenden und wir tun unser Bestes, um Ihnen das beste Angebot zu senden.<\/span><\/li>\n\n\n<style>.kt-svg-icon-list-item-628_dfad37-ce .kt-svg-icon-list-single{color:var(--global-palette1, #3182CE) !important;}<\/style>\n<li class=\"wp-block-kadence-listitem kt-svg-icon-list-item-wrap kt-svg-icon-list-item-628_dfad37-ce\"><span class=\"kb-svg-icon-wrap kb-svg-icon-fe_checkCircle kt-svg-icon-list-single\"><svg viewbox=\"0 0 24 24\"  fill=\"none\" stroke=\"currentColor\" stroke-width=\"2\" stroke-linecap=\"round\" stroke-linejoin=\"round\" xmlns=\"http:\/\/www.w3.org\/2000\/svg\" ><path d=\"M22 11.08V12a10 10 0 1 1-5.93-9.14\"\/><polyline points=\"22 4 12 14.01 9 11.01\"\/><\/svg><\/span><span class=\"kt-svg-icon-list-text\">Gerne erstellen wir Ihnen ein Angebot f\u00fcr Ihre gebrauchte IT-Hardware.<\/span><\/li>\n<\/ul><\/div>\n\n\n<div class=\"wp-block-image is-style-rounded\">\n<figure class=\"aligncenter size-full is-resized\"><img loading=\"lazy\" decoding=\"async\" src=\"http:\/\/tec-bin.com\/wp-content\/uploads\/2023\/08\/technician-repairing-computer-computer-hardware-repairing-upgrade-technology2.jpg\" alt=\"\" class=\"wp-image-513\" style=\"width:494px;height:330px\" width=\"494\" height=\"330\" srcset=\"http:\/\/tec-bin.com\/wp-content\/uploads\/2023\/08\/technician-repairing-computer-computer-hardware-repairing-upgrade-technology2.jpg 700w, http:\/\/tec-bin.com\/wp-content\/uploads\/2023\/08\/technician-repairing-computer-computer-hardware-repairing-upgrade-technology2-300x200.jpg 300w, http:\/\/tec-bin.com\/wp-content\/uploads\/2023\/08\/technician-repairing-computer-computer-hardware-repairing-upgrade-technology2-18x12.jpg 18w\" sizes=\"auto, (max-width: 494px) 100vw, 494px\" \/><\/figure>\n<\/div><\/div><\/div>\n\n<\/div><\/div>\n\n<style>.wp-block-kadence-advancedheading.kt-adv-heading628_5d67e2-8a, .wp-block-kadence-advancedheading.kt-adv-heading628_5d67e2-8a[data-kb-block=\"kb-adv-heading628_5d67e2-8a\"]{text-align:center;font-size:20px;font-weight:normal;font-style:normal;}.wp-block-kadence-advancedheading.kt-adv-heading628_5d67e2-8a mark, .wp-block-kadence-advancedheading.kt-adv-heading628_5d67e2-8a[data-kb-block=\"kb-adv-heading628_5d67e2-8a\"] mark{font-weight:normal;font-style:normal;color:#f76a0c;padding-top:0px;padding-right:0px;padding-bottom:0px;padding-left:0px;}<\/style>\n<h3 class=\"kt-adv-heading628_5d67e2-8a wp-block-kadence-advancedheading has-theme-palette-6-color has-text-color\" data-kb-block=\"kb-adv-heading628_5d67e2-8a\"><strong><strong><em>Sie k\u00f6nnen uns Ihre beste Lagerliste senden und<\/em><\/strong><\/strong><br><strong><strong><em> Wir tun unser Bestes, um Ihnen das beste Angebot zu senden.<\/em><\/strong><\/strong><\/h3>\n\n\n<style>.wp-block-kadence-advancedbtn.kb-btns628_187b9a-0f{gap:var(--global-kb-gap-xs, 0.5rem );justify-content:center;align-items:center;}.kt-btns628_187b9a-0f .kt-button{font-weight:normal;font-style:normal;}.kt-btns628_187b9a-0f .kt-btn-wrap-0{margin-right:5px;}.wp-block-kadence-advancedbtn.kt-btns628_187b9a-0f .kt-btn-wrap-0 .kt-button{color:#555555;border-color:#555555;}.wp-block-kadence-advancedbtn.kt-btns628_187b9a-0f .kt-btn-wrap-0 .kt-button:hover, .wp-block-kadence-advancedbtn.kt-btns628_187b9a-0f .kt-btn-wrap-0 .kt-button:focus{color:#ffffff;border-color:#444444;}.wp-block-kadence-advancedbtn.kt-btns628_187b9a-0f .kt-btn-wrap-0 .kt-button::before{display:none;}.wp-block-kadence-advancedbtn.kt-btns628_187b9a-0f .kt-btn-wrap-0 .kt-button:hover, .wp-block-kadence-advancedbtn.kt-btns628_187b9a-0f .kt-btn-wrap-0 .kt-button:focus{background:#444444;}<\/style>\n<div class=\"wp-block-kadence-advancedbtn kb-buttons-wrap kb-btns628_187b9a-0f\"><style>.wp-block-kadence-advancedbtn .kb-btn628_0aae91-6a.kb-button, ul.menu .wp-block-kadence-advancedbtn .kb-btn628_0aae91-6a.kb-button{width:200px;}.wp-block-kadence-advancedbtn .kb-btn628_0aae91-6a.kb-button{border-top-left-radius:10px;border-top-right-radius:10px;border-bottom-right-radius:10px;border-bottom-left-radius:10px;margin-top:15px;box-shadow:1px 1px 2px 0px rgba(0, 0, 0, 0.2);}<\/style><a class=\"kb-button kt-button button kb-btn628_0aae91-6a kt-btn-size-standard kt-btn-width-type-fixed kb-btn-global-fill kt-btn-has-text-true kt-btn-has-svg-false wp-block-kadence-singlebtn\" href=\"http:\/\/tec-bin.com\/de\/contact\/\"><span class=\"kt-btn-inner-text\">Kontaktiere uns<\/span><\/a><\/div>\n\n\n\n<div style=\"height:100px\" aria-hidden=\"true\" class=\"wp-block-spacer\"><\/div>","protected":false},"excerpt":{"rendered":"<p>PURCHASE We buy used IT-Hardware. YOU ARE A LEASING COMPANY?! You are looking for a professional company that can buy your leasing returns?We are a wholesaler specialized in the resale of IT lease returns trade of used IT Hardware You can send us your best stock List and we do our best to send the&#8230;<\/p>","protected":false},"author":1,"featured_media":0,"parent":0,"menu_order":0,"comment_status":"closed","ping_status":"closed","template":"","meta":{"_kad_post_transparent":"","_kad_post_title":"hide","_kad_post_layout":"","_kad_post_sidebar_id":"","_kad_post_content_style":"","_kad_post_vertical_padding":"","_kad_post_feature":"","_kad_post_feature_position":"","_kad_post_header":false,"_kad_post_footer":false,"footnotes":""},"class_list":["post-628","page","type-page","status-publish","hentry"],"_links":{"self":[{"href":"http:\/\/tec-bin.com\/de\/wp-json\/wp\/v2\/pages\/628","targetHints":{"allow":["GET"]}}],"collection":[{"href":"http:\/\/tec-bin.com\/de\/wp-json\/wp\/v2\/pages"}],"about":[{"href":"http:\/\/tec-bin.com\/de\/wp-json\/wp\/v2\/types\/page"}],"author":[{"embeddable":true,"href":"http:\/\/tec-bin.com\/de\/wp-json\/wp\/v2\/users\/1"}],"replies":[{"embeddable":true,"href":"http:\/\/tec-bin.com\/de\/wp-json\/wp\/v2\/comments?post=628"}],"version-history":[{"count":7,"href":"http:\/\/tec-bin.com\/de\/wp-json\/wp\/v2\/pages\/628\/revisions"}],"predecessor-version":[{"id":840,"href":"http:\/\/tec-bin.com\/de\/wp-json\/wp\/v2\/pages\/628\/revisions\/840"}],"wp:attachment":[{"href":"http:\/\/tec-bin.com\/de\/wp-json\/wp\/v2\/media?parent=628"}],"curies":[{"name":"wp","href":"https:\/\/api.w.org\/{rel}","templated":true}]}}