{"id":677,"date":"2023-09-23T10:32:58","date_gmt":"2023-09-23T10:32:58","guid":{"rendered":"http:\/\/tec-bin.com\/?page_id=677"},"modified":"2023-09-26T19:14:28","modified_gmt":"2023-09-26T19:14:28","slug":"sales","status":"publish","type":"page","link":"http:\/\/tec-bin.com\/de\/sales\/","title":{"rendered":"Verk\u00e4ufe"},"content":{"rendered":"<style>.kb-row-layout-id677_f3dbca-f0 > .kt-row-column-wrap{align-content:center;}:where(.kb-row-layout-id677_f3dbca-f0 > .kt-row-column-wrap) > .wp-block-kadence-column{justify-content:center;}.kb-row-layout-id677_f3dbca-f0 > .kt-row-column-wrap{column-gap:var(--global-kb-gap-md, 2rem);row-gap:var(--global-kb-gap-md, 2rem);padding-top:80px;padding-right:25px;padding-bottom:110px;padding-left:25px;min-height:500px;grid-template-columns:minmax(0, 1fr);}.kb-row-layout-id677_f3dbca-f0 > .kt-row-layout-overlay{opacity:1;background:linear-gradient(90deg, var(--global-palette1) 12%, var(--global-palette2) 100%);}.kb-row-layout-id677_f3dbca-f0 .kt-row-layout-bottom-sep{height:100px;}.kb-row-layout-id677_f3dbca-f0 .kt-row-layout-bottom-sep svg{width:100%;}.kb-row-layout-id677_f3dbca-f0 .kt-row-layout-bottom-sep svg{fill:var(--global-palette9, #ffffff)!important;}@media all and (max-width: 1024px){.kb-row-layout-id677_f3dbca-f0 > .kt-row-column-wrap{grid-template-columns:minmax(0, 1fr);}}@media all and (max-width: 1024px){.kb-row-layout-id677_f3dbca-f0 .kt-row-layout-bottom-sep{height:px;}}@media all and (max-width: 1024px){.kb-row-layout-id677_f3dbca-f0 .kt-row-layout-bottom-sep svg{width:%;}}@media all and (max-width: 767px){.kb-row-layout-id677_f3dbca-f0 > .kt-row-column-wrap{grid-template-columns:minmax(0, 1fr);}.kb-row-layout-id677_f3dbca-f0 .kt-row-layout-bottom-sep{height:px;}.kb-row-layout-id677_f3dbca-f0 .kt-row-layout-bottom-sep svg{width:%;}}<\/style><div class=\"kb-row-layout-wrap kb-row-layout-id677_f3dbca-f0 alignnone kt-row-has-bg wp-block-kadence-rowlayout\"><div class=\"kt-row-layout-overlay kt-row-overlay-gradient\"><\/div><div class=\"kt-row-layout-bottom-sep kt-row-sep-type-mtns\"><svg viewbox=\"0 0 1000 100\" preserveaspectratio=\"none\"><path d=\"M1000,50l-182.69,-45.286l-292.031,61.197l-190.875,-41.075l-143.748,28.794l-190.656,-23.63l0,70l1000,0l0,-50Z\" style=\"opacity: 0.4\" \/><path d=\"M1000,57l-152.781,-22.589l-214.383,19.81l-159.318,-21.471l-177.44,25.875l-192.722,5.627l-103.356,-27.275l0,63.023l1000,0l0,-43Z\" \/><\/svg><\/div><div class=\"kt-row-column-wrap kt-has-1-columns kt-row-layout-equal kt-tab-layout-inherit kt-mobile-layout-row kt-row-valign-middle\">\n<style>.kadence-column677_0071fa-d3 > .kt-inside-inner-col,.kadence-column677_0071fa-d3 > .kt-inside-inner-col:before{border-top-left-radius:0px;border-top-right-radius:0px;border-bottom-right-radius:0px;border-bottom-left-radius:0px;}.kadence-column677_0071fa-d3 > .kt-inside-inner-col:before{opacity:0.3;}.kadence-column677_0071fa-d3{position:relative;}<\/style>\n<div class=\"wp-block-kadence-column kadence-column677_0071fa-d3 inner-column-1\"><div class=\"kt-inside-inner-col\"><style>.wp-block-kadence-advancedheading.kt-adv-heading677_6e421b-64, .wp-block-kadence-advancedheading.kt-adv-heading677_6e421b-64[data-kb-block=\"kb-adv-heading677_6e421b-64\"]{text-align:center;font-size:60px;font-weight:normal;font-style:normal;color:#ffffff;text-shadow:1px 1px 1px rgba(0, 0, 0, 0.2);}.wp-block-kadence-advancedheading.kt-adv-heading677_6e421b-64 mark, .wp-block-kadence-advancedheading.kt-adv-heading677_6e421b-64[data-kb-block=\"kb-adv-heading677_6e421b-64\"] mark{font-weight:normal;font-style:normal;color:#f76a0c;padding-top:0px;padding-right:0px;padding-bottom:0px;padding-left:0px;}@media all and (max-width: 1024px){.wp-block-kadence-advancedheading.kt-adv-heading677_6e421b-64, .wp-block-kadence-advancedheading.kt-adv-heading677_6e421b-64[data-kb-block=\"kb-adv-heading677_6e421b-64\"]{font-size:50px;}}@media all and (max-width: 767px){.wp-block-kadence-advancedheading.kt-adv-heading677_6e421b-64, .wp-block-kadence-advancedheading.kt-adv-heading677_6e421b-64[data-kb-block=\"kb-adv-heading677_6e421b-64\"]{font-size:40px;}}<\/style>\n<h1 class=\"kt-adv-heading677_6e421b-64 wp-block-kadence-advancedheading\" data-kb-block=\"kb-adv-heading677_6e421b-64\">VERK\u00c4UFE<\/h1>\n<\/div><\/div>\n\n<\/div><\/div>\n\n<style>.kb-row-layout-wrap.wp-block-kadence-rowlayout.kb-row-layout-id677_e1fb36-58{margin-top:-200px;}.kb-row-layout-id677_e1fb36-58 > .kt-row-column-wrap{align-content:start;}:where(.kb-row-layout-id677_e1fb36-58 > .kt-row-column-wrap) > .wp-block-kadence-column{justify-content:start;}.kb-row-layout-id677_e1fb36-58 > .kt-row-column-wrap{column-gap:var(--global-kb-gap-md, 2rem);row-gap:var(--global-kb-gap-md, 2rem);max-width:1000px;margin-left:auto;margin-right:auto;padding-top:60px;padding-right:25px;padding-bottom:26px;padding-left:25px;grid-template-columns:minmax(0, 1fr);}.kb-row-layout-id677_e1fb36-58 > .kt-row-layout-overlay{opacity:0.30;}.kb-row-layout-id677_e1fb36-58 .kt-row-layout-bottom-sep{height:100px;}.kb-row-layout-id677_e1fb36-58 .kt-row-layout-bottom-sep svg{width:100%;}.kb-row-layout-id677_e1fb36-58 .kt-row-layout-bottom-sep svg{fill:#ffffff!important;}@media all and (max-width: 1024px){.kb-row-layout-id677_e1fb36-58 > .kt-row-column-wrap{grid-template-columns:minmax(0, 1fr);}}@media all and (max-width: 1024px){.kb-row-layout-id677_e1fb36-58 .kt-row-layout-bottom-sep{height:px;}}@media all and (max-width: 1024px){.kb-row-layout-id677_e1fb36-58 .kt-row-layout-bottom-sep svg{width:%;}}@media all and (max-width: 767px){.kb-row-layout-id677_e1fb36-58 > .kt-row-column-wrap{grid-template-columns:minmax(0, 1fr);}.kb-row-layout-id677_e1fb36-58 .kt-row-layout-bottom-sep{height:px;}.kb-row-layout-id677_e1fb36-58 .kt-row-layout-bottom-sep svg{width:%;}}<\/style><div class=\"kb-row-layout-wrap kb-row-layout-id677_e1fb36-58 alignnone wp-block-kadence-rowlayout\"><div class=\"kt-row-column-wrap kt-has-1-columns kt-row-layout-equal kt-tab-layout-inherit kt-mobile-layout-row kt-row-valign-top\">\n<style>.kadence-column677_794127-ef, .kt-inside-inner-col > .kadence-column677_794127-ef:not(.specificity){margin-top:-50px;}.kadence-column677_794127-ef > .kt-inside-inner-col{padding-top:50px;padding-right:40px;padding-bottom:30px;padding-left:40px;}.kadence-column677_794127-ef > .kt-inside-inner-col{box-shadow:0px -51px 30px 0px rgba(0, 0, 0, 0.06);}.kadence-column677_794127-ef > .kt-inside-inner-col,.kadence-column677_794127-ef > .kt-inside-inner-col:before{border-top-left-radius:10px;border-top-right-radius:10px;border-bottom-right-radius:10px;border-bottom-left-radius:10px;}.kadence-column677_794127-ef > .kt-inside-inner-col{background-color:var(--global-palette9, #ffffff);}.kadence-column677_794127-ef > .kt-inside-inner-col:before{opacity:0.3;}.kadence-column677_794127-ef{position:relative;}@media all and (max-width: 1024px){.kadence-column677_794127-ef > .kt-inside-inner-col{padding-top:50px;padding-right:20px;padding-bottom:30px;padding-left:20px;}}@media all and (max-width: 767px){.kadence-column677_794127-ef > .kt-inside-inner-col{padding-top:50px;padding-right:15px;padding-bottom:30px;padding-left:15px;}}<\/style>\n<div class=\"wp-block-kadence-column kadence-column677_794127-ef\"><div class=\"kt-inside-inner-col\"><style>.wp-block-kadence-advancedheading.kt-adv-heading677_2ca370-5b, .wp-block-kadence-advancedheading.kt-adv-heading677_2ca370-5b[data-kb-block=\"kb-adv-heading677_2ca370-5b\"]{margin-bottom:40px;text-align:center;font-size:20px;font-weight:normal;font-style:normal;text-transform:uppercase;letter-spacing:3.6px;}.wp-block-kadence-advancedheading.kt-adv-heading677_2ca370-5b mark, .wp-block-kadence-advancedheading.kt-adv-heading677_2ca370-5b[data-kb-block=\"kb-adv-heading677_2ca370-5b\"] mark{font-weight:normal;font-style:normal;color:var(--global-palette1, #3182CE);padding-top:0px;padding-right:0px;padding-bottom:0px;padding-left:0px;}<\/style>\n<h2 class=\"kt-adv-heading677_2ca370-5b wp-block-kadence-advancedheading has-theme-palette-4-color has-text-color\" data-kb-block=\"kb-adv-heading677_2ca370-5b\">Wir verkaufen weltweit general\u00fcberholte Markenger\u00e4te.<\/h2>\n\n\n\n<p class=\"has-theme-palette-3-color has-text-color\">Unser Bestand besteht haupts\u00e4chlich aus Ger\u00e4ten namhafter Markenhersteller (HP, DELL, LENOVO), die im Vergleich zu Standard-Endverbraucherprodukten langlebiger sind und \u00fcber eine deutlich bessere Hardware verf\u00fcgen.  Selbst im Einsatz erf\u00fcllen sie noch immer die meisten heutigen Leistungsanforderungen.<\/p>\n\n\n\n<p class=\"has-theme-palette-3-color has-text-color\">&nbsp;Unsere Ger\u00e4te sind in der Regel zwischen einem und f\u00fcnf Jahren alt.  Hierbei handelt es sich um Ausstellungsst\u00fccke, Vorf\u00fchrger\u00e4te, R\u00fccknahmeger\u00e4te oder Ger\u00e4te direkt von Firmen, Institutionen oder Organisationen, deren Service- oder Leasingvertr\u00e4ge abgelaufen sind.  Alles, was wir verkaufen, wurde eingehend \u00fcberpr\u00fcft und funktioniert einwandfrei.<\/p>\n\n\n<div class=\"wp-block-image is-style-default wp-duotone-unset-1\">\n<figure class=\"aligncenter size-full is-resized\"><img loading=\"lazy\" decoding=\"async\" src=\"http:\/\/tec-bin.com\/wp-content\/uploads\/2023\/09\/WhatsApp-Image-2023-09-26-at-7.50.51-PM.jpeg\" alt=\"\" class=\"wp-image-841\" style=\"width:517px;height:343px\" width=\"517\" height=\"343\" srcset=\"http:\/\/tec-bin.com\/wp-content\/uploads\/2023\/09\/WhatsApp-Image-2023-09-26-at-7.50.51-PM.jpeg 612w, http:\/\/tec-bin.com\/wp-content\/uploads\/2023\/09\/WhatsApp-Image-2023-09-26-at-7.50.51-PM-300x199.jpeg 300w, http:\/\/tec-bin.com\/wp-content\/uploads\/2023\/09\/WhatsApp-Image-2023-09-26-at-7.50.51-PM-18x12.jpeg 18w\" sizes=\"auto, (max-width: 517px) 100vw, 517px\" \/><\/figure>\n<\/div>\n\n\n<figure class=\"wp-block-pullquote\" style=\"border-width:10px;border-radius:15px;font-size:15px\"><blockquote><p><strong>Alle Ger\u00e4te, die wir zum Verkauf anbieten, sind voll funktionsf\u00e4hig und f\u00fcr den Weiterverkauf vorbereitet: Alle Vorbesitzerdaten wurden zu 100 % gel\u00f6scht, die Ger\u00e4te wurden professionell gereinigt, getestet und mit neuer Software ausgestattet<\/strong><\/p><\/blockquote><\/figure>\n\n\n\n<div style=\"height:20px\" aria-hidden=\"true\" class=\"wp-block-spacer\"><\/div>\n\n\n<style>.kb-image677_afb16e-7d.kb-image-is-ratio-size, .kb-image677_afb16e-7d .kb-image-is-ratio-size{max-width:417px;width:100%;}.kb-image677_afb16e-7d figure{max-width:417px;}.kb-image677_afb16e-7d .image-is-svg, .kb-image677_afb16e-7d .image-is-svg img{width:100%;}.kb-image677_afb16e-7d .kb-image-has-overlay:after{opacity:0.3;}.kb-image677_afb16e-7d img.kb-img, .kb-image677_afb16e-7d .kb-img img{border-top-left-radius:10px;border-top-right-radius:10px;border-bottom-right-radius:10px;border-bottom-left-radius:10px;-webkit-mask-image:url(http:\/\/tec-bin.com\/wp-content\/plugins\/kadence-blocks\/includes\/assets\/images\/masks\/blob1.svg);mask-image:url(http:\/\/tec-bin.com\/wp-content\/plugins\/kadence-blocks\/includes\/assets\/images\/masks\/blob1.svg);-webkit-mask-size:auto;mask-size:auto;-webkit-mask-repeat:no-repeat;mask-repeat:no-repeat;-webkit-mask-position:center;mask-position:center;box-shadow:0px 0px 14px 0px rgba(0, 0, 0, 0.2);filter:drop-shadow(0px 6px 5px rgba(0, 0, 0, 0.2));}<\/style>\n<div class=\"wp-block-kadence-image kb-image677_afb16e-7d\"><figure class=\"alignright size-full kb-image-is-ratio-size\"><div class=\"kb-is-ratio-image kb-image-ratio-land43\"><img loading=\"lazy\" decoding=\"async\" width=\"766\" height=\"401\" src=\"http:\/\/tec-bin.com\/wp-content\/uploads\/2023\/09\/WhatsApp-Image-2023-09-26-at-7.51.06-PM2.jpeg\" alt=\"\" class=\"kb-img wp-image-844\" srcset=\"http:\/\/tec-bin.com\/wp-content\/uploads\/2023\/09\/WhatsApp-Image-2023-09-26-at-7.51.06-PM2.jpeg 766w, http:\/\/tec-bin.com\/wp-content\/uploads\/2023\/09\/WhatsApp-Image-2023-09-26-at-7.51.06-PM2-300x157.jpeg 300w, http:\/\/tec-bin.com\/wp-content\/uploads\/2023\/09\/WhatsApp-Image-2023-09-26-at-7.51.06-PM2-18x9.jpeg 18w\" sizes=\"auto, (max-width: 766px) 100vw, 766px\" \/><\/div><\/figure><\/div>\n\n\n<style>.wp-block-kadence-advancedheading.kt-adv-heading677_783a2c-1b, .wp-block-kadence-advancedheading.kt-adv-heading677_783a2c-1b[data-kb-block=\"kb-adv-heading677_783a2c-1b\"]{text-align:left;font-size:18px;font-weight:normal;font-style:normal;}.wp-block-kadence-advancedheading.kt-adv-heading677_783a2c-1b mark, .wp-block-kadence-advancedheading.kt-adv-heading677_783a2c-1b[data-kb-block=\"kb-adv-heading677_783a2c-1b\"] mark{font-weight:normal;font-style:normal;color:#f76a0c;padding-top:0px;padding-right:0px;padding-bottom:0px;padding-left:0px;}<\/style>\n<h4 class=\"kt-adv-heading677_783a2c-1b wp-block-kadence-advancedheading has-theme-palette-6-color has-text-color\" data-kb-block=\"kb-adv-heading677_783a2c-1b\"><strong>Weltweiter Export<\/strong><\/h4>\n\n\n\n<p class=\"has-text-align-left has-text-color\" style=\"color:#212326\">Die meisten unserer wiederaufbereiteten Waren gehen an ausl\u00e4ndische H\u00e4ndler.  Sie haben sich auf den Weiterverkauf gebrauchter IT-Ger\u00e4te in Schwellenl\u00e4ndern spezialisiert, da dort die gr\u00f6\u00dfte Nachfrage nach gebrauchten Markenger\u00e4ten aus Deutschland besteht.<\/p>\n\n\n\n<div style=\"height:0px\" aria-hidden=\"true\" class=\"wp-block-spacer\"><\/div>\n\n\n<style>.kb-image677_526546-41.kb-image-is-ratio-size, .kb-image677_526546-41 .kb-image-is-ratio-size{max-width:406px;width:100%;}.kb-image677_526546-41 figure{max-width:406px;}.kb-image677_526546-41 .image-is-svg, .kb-image677_526546-41 .image-is-svg img{width:100%;}.kb-image677_526546-41 .kb-image-has-overlay:after{opacity:0.3;}.kb-image677_526546-41 img.kb-img, .kb-image677_526546-41 .kb-img img{border-top-left-radius:10px;border-top-right-radius:10px;border-bottom-right-radius:10px;border-bottom-left-radius:10px;-webkit-mask-image:url(http:\/\/tec-bin.com\/wp-content\/plugins\/kadence-blocks\/includes\/assets\/images\/masks\/blob1.svg);mask-image:url(http:\/\/tec-bin.com\/wp-content\/plugins\/kadence-blocks\/includes\/assets\/images\/masks\/blob1.svg);-webkit-mask-size:auto;mask-size:auto;-webkit-mask-repeat:no-repeat;mask-repeat:no-repeat;-webkit-mask-position:center;mask-position:center;box-shadow:0px 0px 14px 0px rgba(0, 0, 0, 0.2);filter:drop-shadow(0px 6px 5px rgba(0, 0, 0, 0.2));}<\/style>\n<div class=\"wp-block-kadence-image kb-image677_526546-41\"><figure class=\"alignright size-full kb-image-is-ratio-size\"><div class=\"kb-is-ratio-image kb-image-ratio-land43\"><img loading=\"lazy\" decoding=\"async\" width=\"290\" height=\"174\" src=\"http:\/\/tec-bin.com\/wp-content\/uploads\/2023\/09\/WhatsApp-Image-2023-09-26-at-7.51.06-PM.jpeg\" alt=\"\" class=\"kb-img wp-image-874\" srcset=\"http:\/\/tec-bin.com\/wp-content\/uploads\/2023\/09\/WhatsApp-Image-2023-09-26-at-7.51.06-PM.jpeg 290w, http:\/\/tec-bin.com\/wp-content\/uploads\/2023\/09\/WhatsApp-Image-2023-09-26-at-7.51.06-PM-18x12.jpeg 18w\" sizes=\"auto, (max-width: 290px) 100vw, 290px\" \/><\/div><\/figure><\/div>\n\n\n<style>.wp-block-kadence-advancedheading.kt-adv-heading677_a91e55-81, .wp-block-kadence-advancedheading.kt-adv-heading677_a91e55-81[data-kb-block=\"kb-adv-heading677_a91e55-81\"]{text-align:left;font-size:18px;font-weight:normal;font-style:normal;}.wp-block-kadence-advancedheading.kt-adv-heading677_a91e55-81 mark, .wp-block-kadence-advancedheading.kt-adv-heading677_a91e55-81[data-kb-block=\"kb-adv-heading677_a91e55-81\"] mark{font-weight:normal;font-style:normal;color:#f76a0c;padding-top:0px;padding-right:0px;padding-bottom:0px;padding-left:0px;}<\/style>\n<h4 class=\"kt-adv-heading677_a91e55-81 wp-block-kadence-advancedheading has-theme-palette-6-color has-text-color\" data-kb-block=\"kb-adv-heading677_a91e55-81\"><strong><strong>Verkauf an Fachh\u00e4ndler<\/strong><\/strong><\/h4>\n\n\n\n<p class=\"has-text-align-left has-text-color\" style=\"color:#212326\">Viele Kunden sind unerfahren und unsicher, wenn es um die Auswahl eines geeigneten Laptops oder PCs geht.  Wenden Sie sich daher an Ihren Fachh\u00e4ndler vor Ort.  Eine sinnvolle Erg\u00e4nzung zu Neuger\u00e4ten sind die deutlich g\u00fcnstigeren Gebrauchtger\u00e4te mit Funktionsgarantie.  Daher verkaufen wir zunehmend gro\u00dfe Mengen direkt an den Fachhandel und den Gro\u00dfhandel.<\/p>\n\n\n\n<div style=\"height:0px\" aria-hidden=\"true\" class=\"wp-block-spacer\"><\/div>\n\n\n<style>.kb-image677_52a461-b8.kb-image-is-ratio-size, .kb-image677_52a461-b8 .kb-image-is-ratio-size{max-width:406px;width:100%;}.kb-image677_52a461-b8 figure{max-width:406px;}.kb-image677_52a461-b8 .image-is-svg, .kb-image677_52a461-b8 .image-is-svg img{width:100%;}.kb-image677_52a461-b8 .kb-image-has-overlay:after{opacity:0.3;}.kb-image677_52a461-b8 img.kb-img, .kb-image677_52a461-b8 .kb-img img{border-top-left-radius:10px;border-top-right-radius:10px;border-bottom-right-radius:10px;border-bottom-left-radius:10px;-webkit-mask-image:url(http:\/\/tec-bin.com\/wp-content\/plugins\/kadence-blocks\/includes\/assets\/images\/masks\/blob1.svg);mask-image:url(http:\/\/tec-bin.com\/wp-content\/plugins\/kadence-blocks\/includes\/assets\/images\/masks\/blob1.svg);-webkit-mask-size:auto;mask-size:auto;-webkit-mask-repeat:no-repeat;mask-repeat:no-repeat;-webkit-mask-position:center;mask-position:center;filter:drop-shadow(0px 6px 5px rgba(0, 0, 0, 0.2));}<\/style>\n<div class=\"wp-block-kadence-image kb-image677_52a461-b8\"><figure class=\"alignright size-large kb-image-is-ratio-size\"><div class=\"kb-is-ratio-image kb-image-ratio-land43\"><img loading=\"lazy\" decoding=\"async\" width=\"1024\" height=\"576\" src=\"http:\/\/tec-bin.com\/wp-content\/uploads\/2023\/09\/750352-computer-lab-1024x576.jpg\" alt=\"\" class=\"kb-img wp-image-880\" srcset=\"http:\/\/tec-bin.com\/wp-content\/uploads\/2023\/09\/750352-computer-lab-1024x576.jpg 1024w, http:\/\/tec-bin.com\/wp-content\/uploads\/2023\/09\/750352-computer-lab-300x169.jpg 300w, http:\/\/tec-bin.com\/wp-content\/uploads\/2023\/09\/750352-computer-lab-768x432.jpg 768w, http:\/\/tec-bin.com\/wp-content\/uploads\/2023\/09\/750352-computer-lab-18x10.jpg 18w, http:\/\/tec-bin.com\/wp-content\/uploads\/2023\/09\/750352-computer-lab.jpg 1280w\" sizes=\"auto, (max-width: 1024px) 100vw, 1024px\" \/><\/div><\/figure><\/div>\n\n\n<style>.wp-block-kadence-advancedheading.kt-adv-heading677_4758c0-63, .wp-block-kadence-advancedheading.kt-adv-heading677_4758c0-63[data-kb-block=\"kb-adv-heading677_4758c0-63\"]{text-align:left;font-size:18px;font-weight:normal;font-style:normal;}.wp-block-kadence-advancedheading.kt-adv-heading677_4758c0-63 mark, .wp-block-kadence-advancedheading.kt-adv-heading677_4758c0-63[data-kb-block=\"kb-adv-heading677_4758c0-63\"] mark{font-weight:normal;font-style:normal;color:#f76a0c;padding-top:0px;padding-right:0px;padding-bottom:0px;padding-left:0px;}<\/style>\n<h4 class=\"kt-adv-heading677_4758c0-63 wp-block-kadence-advancedheading has-theme-palette-6-color has-text-color\" data-kb-block=\"kb-adv-heading677_4758c0-63\"><strong><strong>Verkauf an Schulen, \u00f6ffentliche Einrichtungen, Institute und Organisationen<\/strong><\/strong><\/h4>\n\n\n\n<p class=\"has-text-align-left has-text-color\" style=\"color:#212326\">Sch\u00fcler und Studenten sind zunehmend auf einen Computerarbeitsplatz angewiesen.  F\u00fcr die Nutzung des Internets, Office-Anwendungen (z. B. zum Erstellen von Hausaufgaben) oder f\u00fcr die Nutzung anderer Standardanwendungen reichen Laptops oder PC-Systeme der Vorg\u00e4ngergeneration v\u00f6llig aus.  Anstatt neue Ger\u00e4te zu kaufen, k\u00f6nnen Sie bei gleichem Budget die doppelte Menge an gebrauchten IT-Ger\u00e4ten erwerben.<\/p>\n<\/div><\/div>\n\n<\/div><\/div>\n\n<style>.wp-block-kadence-advancedheading.kt-adv-heading677_07b37c-c0, .wp-block-kadence-advancedheading.kt-adv-heading677_07b37c-c0[data-kb-block=\"kb-adv-heading677_07b37c-c0\"]{text-align:center;font-size:20px;font-weight:normal;font-style:normal;}.wp-block-kadence-advancedheading.kt-adv-heading677_07b37c-c0 mark, .wp-block-kadence-advancedheading.kt-adv-heading677_07b37c-c0[data-kb-block=\"kb-adv-heading677_07b37c-c0\"] mark{font-weight:normal;font-style:normal;color:#f76a0c;padding-top:0px;padding-right:0px;padding-bottom:0px;padding-left:0px;}<\/style>\n<h3 class=\"kt-adv-heading677_07b37c-c0 wp-block-kadence-advancedheading has-theme-palette-6-color has-text-color\" data-kb-block=\"kb-adv-heading677_07b37c-c0\"><strong><strong><em>Sie k\u00f6nnen uns Ihre beste Lagerliste senden und<\/em><\/strong><\/strong><br><strong><strong><em> Wir tun unser Bestes, um Ihnen das beste Angebot zu senden.<\/em><\/strong><\/strong><\/h3>\n\n\n<style>.wp-block-kadence-advancedbtn.kb-btns677_55d7a7-0b{gap:var(--global-kb-gap-xs, 0.5rem );justify-content:center;align-items:center;}.kt-btns677_55d7a7-0b .kt-button{font-weight:normal;font-style:normal;}.kt-btns677_55d7a7-0b .kt-btn-wrap-0{margin-right:5px;}.wp-block-kadence-advancedbtn.kt-btns677_55d7a7-0b .kt-btn-wrap-0 .kt-button{color:#555555;border-color:#555555;}.wp-block-kadence-advancedbtn.kt-btns677_55d7a7-0b .kt-btn-wrap-0 .kt-button:hover, .wp-block-kadence-advancedbtn.kt-btns677_55d7a7-0b .kt-btn-wrap-0 .kt-button:focus{color:#ffffff;border-color:#444444;}.wp-block-kadence-advancedbtn.kt-btns677_55d7a7-0b .kt-btn-wrap-0 .kt-button::before{display:none;}.wp-block-kadence-advancedbtn.kt-btns677_55d7a7-0b .kt-btn-wrap-0 .kt-button:hover, .wp-block-kadence-advancedbtn.kt-btns677_55d7a7-0b .kt-btn-wrap-0 .kt-button:focus{background:#444444;}<\/style>\n<div class=\"wp-block-kadence-advancedbtn kb-buttons-wrap kb-btns677_55d7a7-0b\"><style>.wp-block-kadence-advancedbtn .kb-btn677_ca651b-b2.kb-button, ul.menu .wp-block-kadence-advancedbtn .kb-btn677_ca651b-b2.kb-button{width:200px;}.wp-block-kadence-advancedbtn .kb-btn677_ca651b-b2.kb-button{border-top-left-radius:10px;border-top-right-radius:10px;border-bottom-right-radius:10px;border-bottom-left-radius:10px;margin-top:15px;box-shadow:1px 1px 2px 0px rgba(0, 0, 0, 0.2);}<\/style><a class=\"kb-button kt-button button kb-btn677_ca651b-b2 kt-btn-size-standard kt-btn-width-type-fixed kb-btn-global-fill kt-btn-has-text-true kt-btn-has-svg-false wp-block-kadence-singlebtn\" href=\"http:\/\/tec-bin.com\/de\/contact\/\"><span class=\"kt-btn-inner-text\">Kontaktiere uns<\/span><\/a><\/div>\n\n\n\n<div style=\"height:100px\" aria-hidden=\"true\" class=\"wp-block-spacer\"><\/div>","protected":false},"excerpt":{"rendered":"<p>SALES We sell refurbished branded devices worldwide. Our inventory consists mainly of equipment from reputable brand manufacturers (HP, DELL, LENOVO), which are more durable and have much better hardware compared to standard end user products. Even used, they still meet most of today&#8217;s performance requirements. &nbsp;Our devices are usually between one to five years old&#8230;.<\/p>","protected":false},"author":1,"featured_media":0,"parent":0,"menu_order":0,"comment_status":"closed","ping_status":"closed","template":"","meta":{"_kad_post_transparent":"","_kad_post_title":"hide","_kad_post_layout":"","_kad_post_sidebar_id":"","_kad_post_content_style":"","_kad_post_vertical_padding":"","_kad_post_feature":"","_kad_post_feature_position":"","_kad_post_header":false,"_kad_post_footer":false,"footnotes":""},"class_list":["post-677","page","type-page","status-publish","hentry"],"_links":{"self":[{"href":"http:\/\/tec-bin.com\/de\/wp-json\/wp\/v2\/pages\/677","targetHints":{"allow":["GET"]}}],"collection":[{"href":"http:\/\/tec-bin.com\/de\/wp-json\/wp\/v2\/pages"}],"about":[{"href":"http:\/\/tec-bin.com\/de\/wp-json\/wp\/v2\/types\/page"}],"author":[{"embeddable":true,"href":"http:\/\/tec-bin.com\/de\/wp-json\/wp\/v2\/users\/1"}],"replies":[{"embeddable":true,"href":"http:\/\/tec-bin.com\/de\/wp-json\/wp\/v2\/comments?post=677"}],"version-history":[{"count":46,"href":"http:\/\/tec-bin.com\/de\/wp-json\/wp\/v2\/pages\/677\/revisions"}],"predecessor-version":[{"id":888,"href":"http:\/\/tec-bin.com\/de\/wp-json\/wp\/v2\/pages\/677\/revisions\/888"}],"wp:attachment":[{"href":"http:\/\/tec-bin.com\/de\/wp-json\/wp\/v2\/media?parent=677"}],"curies":[{"name":"wp","href":"https:\/\/api.w.org\/{rel}","templated":true}]}}